{"id":67,"date":"2023-09-30T17:56:21","date_gmt":"2023-09-30T15:56:21","guid":{"rendered":"http:\/\/cosmos.cittametropolitana.rc.it\/?page_id=67"},"modified":"2024-10-16T10:27:00","modified_gmt":"2024-10-16T08:27:00","slug":"news","status":"publish","type":"page","link":"https:\/\/cosmos.cittametropolitana.rc.it\/?page_id=67","title":{"rendered":"News"},"content":{"rendered":"<div  class='flex_column av-av_one_full-753d03be8845da87da60299c8f023eed av_one_full  avia-builder-el-0  avia-builder-el-no-sibling  first flex_column_div  '     ><div  class='av-alb-blogposts template-blog  '  itemscope=\"itemscope\" itemtype=\"https:\/\/schema.org\/Blog\" ><article class=\"post-entry post-entry-type-standard post-entry-1495 post-loop-1 post-parity-odd single-big  post-1495 post type-post status-publish format-standard hentry category-news\"  itemscope=\"itemscope\" itemtype=\"https:\/\/schema.org\/BlogPosting\" ><div class=\"blog-meta\"><\/div><div class='entry-content-wrapper clearfix standard-content'><header class=\"entry-content-header\"><h2 class='post-title entry-title '  itemprop=\"headline\" ><a href=\"https:\/\/cosmos.cittametropolitana.rc.it\/?p=1495\" rel=\"bookmark\" title=\"Link Permanente: A Chris Impey, con &#8220;Mondo senza fine&#8221; il Premio del comitato scientifico al Festival Cosmos 2025\">A Chris Impey, con &#8220;Mondo senza fine&#8221; il Premio del comitato scientifico al Festival Cosmos 2025<span class=\"post-format-icon minor-meta\"><\/span><\/a><\/h2><span class=\"post-meta-infos\"><time class=\"date-container minor-meta updated\"  itemprop=\"datePublished\" datetime=\"2025-10-13T20:13:56+02:00\" >13 Ottobre 2025<\/time><span class=\"text-sep\">\/<\/span><span class=\"comment-container minor-meta\"><a href=\"https:\/\/cosmos.cittametropolitana.rc.it\/?p=1495#respond\" class=\"comments-link\" >0 Commenti<\/a><\/span><span class=\"text-sep\">\/<\/span><span class=\"blog-categories minor-meta\">in <a href=\"https:\/\/cosmos.cittametropolitana.rc.it\/?cat=4\" rel=\"tag\">News<\/a><\/span><span class=\"text-sep\">\/<\/span><span class=\"blog-author minor-meta\">da <span class=\"entry-author-link\"  itemprop=\"author\" ><span class=\"author\"><span class=\"fn\"><a href=\"https:\/\/cosmos.cittametropolitana.rc.it\/?author=2\" title=\"Articoli scritti da Sergio Conti\" rel=\"author\">Sergio Conti<\/a><\/span><\/span><\/span><\/span><\/span><\/header><div class=\"entry-content\"  itemprop=\"text\" >\n<figure class=\"wp-block-image size-large\"><img loading=\"lazy\" decoding=\"async\" width=\"1030\" height=\"686\" src=\"https:\/\/cosmos.cittametropolitana.rc.it\/wp-content\/uploads\/2025\/10\/premiazione-cosmos-2025-5-1030x686.jpeg\" alt=\"\" class=\"wp-image-1500\" srcset=\"https:\/\/cosmos.cittametropolitana.rc.it\/wp-content\/uploads\/2025\/10\/premiazione-cosmos-2025-5-1030x686.jpeg 1030w, https:\/\/cosmos.cittametropolitana.rc.it\/wp-content\/uploads\/2025\/10\/premiazione-cosmos-2025-5-300x200.jpeg 300w, https:\/\/cosmos.cittametropolitana.rc.it\/wp-content\/uploads\/2025\/10\/premiazione-cosmos-2025-5-768x512.jpeg 768w, https:\/\/cosmos.cittametropolitana.rc.it\/wp-content\/uploads\/2025\/10\/premiazione-cosmos-2025-5-1536x1024.jpeg 1536w, https:\/\/cosmos.cittametropolitana.rc.it\/wp-content\/uploads\/2025\/10\/premiazione-cosmos-2025-5-2048x1365.jpeg 2048w, https:\/\/cosmos.cittametropolitana.rc.it\/wp-content\/uploads\/2025\/10\/premiazione-cosmos-2025-5-1500x1000.jpeg 1500w, https:\/\/cosmos.cittametropolitana.rc.it\/wp-content\/uploads\/2025\/10\/premiazione-cosmos-2025-5-705x470.jpeg 705w\" sizes=\"auto, (max-width: 1030px) 100vw, 1030px\" \/><\/figure>\n\n\n\n<p>\u00c8 Chris Impey, con il libro \u2018Mondo senza fine\u2019 (editore Apogeo) il vincitore del Premio Cosmos 2025, dedicato alla conoscenza e divulgazione scientifica tra i pi\u00f9 giovani. Il riconoscimento \u00e8 stato assegnato dal comitato scientifico, nel corso del Festival Cosmos, promosso ed organizzato a Reggio Calabria dalla Citt\u00e0 Metropolitana, d\u2019intesa con il planetario metropolitano Pythagoras e alla collaborazione dei Ministeri dell\u2019Istruzione e del merito e degli Affari esteri e della Societ\u00e0 astronomica italiana. La cerimonia si \u00e8 svolta al Teatro Francesco Cilea, nel corso della quale \u00e8 stato anche consegnato il Premio Cosmos studenti, assegnato da un\u2019ampia platea di studenti delle scuole coinvolte quest\u2019anno. Il riconoscimento, in questo caso, \u00e8 stato assegnato ad Elisabetta Strickland con il testo\u00a0 \u2018Emmy Noether. Vita e opere della donna che stup\u00ec Einstein, 1882-1935\u2019 (Carocci Editore). Per l\u2019occasione, oltre ai finalisti dei due premi, erano presenti Filippo Romano, consigliere del Ministero degli Affari Esteri, Anna Brancaccio, del Ministero dell\u2019Istruzione del merito, il consigliere metropolitano Giuseppe Marino che ha portato i saluti del sindaco Giuseppe Falcomat\u00e0, la professoressa Angela Misiano, in rappresentanza del planetario Pythagoras e il professore Gianfranco Bertone, in rappresentanza del Comitato scientifico Cosmos.<\/p>\n\n\n\n<p>Anche quest\u2019anno il Festival Cosmos ha registrato una notevole partecipazione di scuole italiane ed estere, 32 in totale, con oltre 700 studenti italiani ed europei, a testimonianza di crescente interesse nei confronti dell\u2019evento scientifico. Un impegno preciso da parte dell\u2019Ente di Palazzo Alvaro, che segue l\u2019indirizzo del sindaco Giuseppe Falcomat\u00e0, nel voler&nbsp;<em>&#8220;<\/em>mantenere e rafforzare il Festival, ritenuto tra i pi\u00f9 importanti e qualificati a livello internazionale per tutti noi \u2013 ha detto il primo cittadino metropolitano \u2013 Cosmos rappresenta un evento capace di fare incontrare nella nostra citt\u00e0, molti scienziati impegnati nel Mondo nei loro studi. Reggio Calabria per una settimana torna ad essere crocevia di cultura, in grado di lanciare un forte messaggio di unione ed armonia, legata in questo caso alla scienza e all\u2019armonia. Ho sempre il piacere di rivedere anche molti studiosi calabresi e reggini, impegnati sia nei nostri atenei&nbsp; regionali e in prestigiose accademie mondiali&#8221;.&nbsp;Quello che \u00e8 diventato, ormai, un appuntamento fisso, per il sindaco Falcomat\u00e0 &#8220;\u00e8 importante per l\u2019aspetto scientifico e per la capacit\u00e0 di far incontrare, nella nostra citt\u00e0, tanti esponenti del mondo della scienza, alcune fra le migliori menti del pianeta che possono conoscere e approfondire le bellezze e le opportunit\u00e0 che il territorio ha da offrire&#8221;.<\/p>\n\n\n\n<p>&#8220;Il Festival Cosmos, declinato nei suoi premi, seminari e laboratori \u2013 ha proseguito Falcomat\u00e0 \u2013 \u00e8, in qualche modo, anche un segnale di riconoscenza nei confronti dei tantissimi studenti e dei tanti ragazzi che, ogni anno, si distinguono per la nostra citt\u00e0 alle Olimpiadi e nei vari contesti di carattere scientifico in giro per il paese e per il mondo&#8221;. Secondo il sindaco, quindi, &#8220;la cultura \u00e8 un motore di sviluppo\u00bb. \u00abLa Citt\u00e0 Metropolitana di Reggio Calabria \u2013 ha concluso \u2013 sta puntando su eventi che non sono soltanto intrattenimento, ma valorizzazione delle nostre tradizioni e, come nel caso di Cosmos, delle nostre eccellenze&#8221;.<\/p>\n\n\n\n<p>&#8220;Il successo del Festival Cosmos, \u00e8 la capacit\u00e0 di mettere in campo numerose sinergie qualificate che nel corso degli anni hanno fatto crescere sempre di pi\u00f9 questo evento. Dietro a queste giornate intense di confronti ed incontri tra studenti, scienziati e studenti, c\u2019\u00e8 un grande lavoro di squadra ed una rete di contatti&#8221; cos\u00ec il consigliere Giuseppe Marino che ha aggiunto &#8220;le presenze autorevoli anche nell\u2019edizione 2025&nbsp; certificano quanto fatto di buono da chi sta portando avanti questa kermesse, dal settore guidato dalla dirigente Giuseppina Attanasio, dalla funzionaria Anna Maria Franco, Chiara Parisi e da tutto lo staff del Planetario Pythagoras che nella professoressa Angela Misiano ha una instancabile guida&#8221;. &#8220;Il nostro impegno politico, su indicazione del sindaco metropolitano, Giuseppe Falcomat\u00e0 &#8211;&nbsp; ha concluso Marino &#8211; proseguir\u00e0 perch\u00e9 consapevoli dell\u2019importanza di stare accanto ai nostri giovani, offrendo loro anche momenti di alto confronto scientifico&#8221;.<\/p>\n<\/div><footer class=\"entry-footer\"><\/footer><div class='post_delimiter'><\/div><\/div><div class=\"post_author_timeline\"><\/div><span class='hidden'>\n\t\t\t\t<span class='av-structured-data'  itemprop=\"image\" itemscope=\"itemscope\" itemtype=\"https:\/\/schema.org\/ImageObject\" >\n\t\t\t\t\t\t<span itemprop='url'>https:\/\/cosmos.cittametropolitana.rc.it\/wp-content\/uploads\/2024\/06\/COSMOS_Intestazione-festival-WHT.svg<\/span>\n\t\t\t\t\t\t<span itemprop='height'>0<\/span>\n\t\t\t\t\t\t<span itemprop='width'>0<\/span>\n\t\t\t\t<\/span>\n\t\t\t\t<span class='av-structured-data'  itemprop=\"publisher\" itemtype=\"https:\/\/schema.org\/Organization\" itemscope=\"itemscope\" >\n\t\t\t\t\t\t<span itemprop='name'>Sergio Conti<\/span>\n\t\t\t\t\t\t<span itemprop='logo' itemscope itemtype='https:\/\/schema.org\/ImageObject'>\n\t\t\t\t\t\t\t<span itemprop='url'>https:\/\/cosmos.cittametropolitana.rc.it\/wp-content\/uploads\/2024\/06\/COSMOS_Intestazione-festival-WHT.svg<\/span>\n\t\t\t\t\t\t<\/span>\n\t\t\t\t<\/span><span class='av-structured-data'  itemprop=\"author\" itemscope=\"itemscope\" itemtype=\"https:\/\/schema.org\/Person\" ><span itemprop='name'>Sergio Conti<\/span><\/span><span class='av-structured-data'  itemprop=\"datePublished\" datetime=\"2025-10-13T20:13:56+02:00\" >2025-10-13 20:13:56<\/span><span class='av-structured-data'  itemprop=\"dateModified\" itemtype=\"https:\/\/schema.org\/dateModified\" >2025-10-13 20:14:16<\/span><span class='av-structured-data'  itemprop=\"mainEntityOfPage\" itemtype=\"https:\/\/schema.org\/mainEntityOfPage\" ><span itemprop='name'>A Chris Impey, con &#8220;Mondo senza fine&#8221; il Premio del comitato scientifico al Festival Cosmos 2025<\/span><\/span><\/span><\/article><article class=\"post-entry post-entry-type-standard post-entry-1289 post-loop-2 post-parity-even post-entry-last single-big  post-1289 post type-post status-publish format-standard hentry category-news\"  itemscope=\"itemscope\" itemtype=\"https:\/\/schema.org\/BlogPosting\" ><div class=\"blog-meta\"><\/div><div class='entry-content-wrapper clearfix standard-content'><header class=\"entry-content-header\"><h2 class='post-title entry-title '  itemprop=\"headline\" ><a href=\"https:\/\/cosmos.cittametropolitana.rc.it\/?p=1289\" rel=\"bookmark\" title=\"Link Permanente: Giuseppe Mussardo vince il Premio Cosmos 2024\">Giuseppe Mussardo vince il Premio Cosmos 2024<span class=\"post-format-icon minor-meta\"><\/span><\/a><\/h2><span class=\"post-meta-infos\"><time class=\"date-container minor-meta updated\"  itemprop=\"datePublished\" datetime=\"2024-10-16T10:29:16+02:00\" >16 Ottobre 2024<\/time><span class=\"text-sep\">\/<\/span><span class=\"comment-container minor-meta\"><a href=\"https:\/\/cosmos.cittametropolitana.rc.it\/?p=1289#respond\" class=\"comments-link\" >0 Commenti<\/a><\/span><span class=\"text-sep\">\/<\/span><span class=\"blog-categories minor-meta\">in <a href=\"https:\/\/cosmos.cittametropolitana.rc.it\/?cat=4\" rel=\"tag\">News<\/a><\/span><span class=\"text-sep\">\/<\/span><span class=\"blog-author minor-meta\">da <span class=\"entry-author-link\"  itemprop=\"author\" ><span class=\"author\"><span class=\"fn\"><a href=\"https:\/\/cosmos.cittametropolitana.rc.it\/?author=2\" title=\"Articoli scritti da Sergio Conti\" rel=\"author\">Sergio Conti<\/a><\/span><\/span><\/span><\/span><\/span><\/header><div class=\"entry-content\"  itemprop=\"text\" >\n<p><em>A Giuseppe Mussardo il Premio Cosmos 2024: Teatro Cilea tutto esaurito per la cerimonia finale. Il riconoscimento consegnato dal sindaco Falcomat\u00e0: &#8220;Cosmos \u00e8 una certezza nel panorama culturale italiano&#8221; La soddisfazione del Consigliere delegato Filippo Quartuccio: &#8220;Una manifestazione che \u00e8 motivo d&#8217;orgoglio per il nostro territorio&#8221;<\/em><\/p>\n\n\n\n<figure class=\"wp-block-gallery has-nested-images columns-default is-cropped wp-block-gallery-1 is-layout-flex wp-block-gallery-is-layout-flex\">\n<figure class=\"wp-block-image size-large\"><img loading=\"lazy\" decoding=\"async\" width=\"1030\" height=\"697\" data-id=\"1278\" src=\"https:\/\/cosmos.cittametropolitana.rc.it\/wp-content\/uploads\/2024\/10\/12-Cosmos-2024-1030x697.jpg\" alt=\"\" class=\"wp-image-1278\" srcset=\"https:\/\/cosmos.cittametropolitana.rc.it\/wp-content\/uploads\/2024\/10\/12-Cosmos-2024-1030x697.jpg 1030w, https:\/\/cosmos.cittametropolitana.rc.it\/wp-content\/uploads\/2024\/10\/12-Cosmos-2024-300x203.jpg 300w, https:\/\/cosmos.cittametropolitana.rc.it\/wp-content\/uploads\/2024\/10\/12-Cosmos-2024-768x519.jpg 768w, https:\/\/cosmos.cittametropolitana.rc.it\/wp-content\/uploads\/2024\/10\/12-Cosmos-2024-1536x1039.jpg 1536w, https:\/\/cosmos.cittametropolitana.rc.it\/wp-content\/uploads\/2024\/10\/12-Cosmos-2024-1500x1014.jpg 1500w, https:\/\/cosmos.cittametropolitana.rc.it\/wp-content\/uploads\/2024\/10\/12-Cosmos-2024-705x477.jpg 705w, https:\/\/cosmos.cittametropolitana.rc.it\/wp-content\/uploads\/2024\/10\/12-Cosmos-2024.jpg 1600w\" sizes=\"auto, (max-width: 1030px) 100vw, 1030px\" \/><\/figure>\n<\/figure>\n\n\n\n<p><\/p>\n\n\n\n<p>Giuseppe Mussardo, con \u201cMaksimovi\u010d. La storia di Bruno Pontecorvo\u201d (Castelvecchi Editore), \u00e8 il vincitore del Premio Cosmos 2024, il&nbsp;<a><\/a>riconoscimento assegnato dalla Citt\u00e0 Metropolitana alla migliore opera letteraria di divulgazione scientifica ed organizzato in collaborazione con i ministeri dell&#8217;Istruzione e degli Affari esteri e con la Societ\u00e0 astronomica italiana. Lo ha decretato la giuria scientifica, presieduta da Gianfranco Bertone dell\u2019Universit\u00e0 di Amsterdam, che nell\u2019opera del professore ordinario di Fisica Teorica alla Scuola Internazionale Superiore di Studi Avanzati di Trieste, ha apprezzato \u00abla ricostruzione, con un complesso lavoro investigativo, dell\u2019avventurosa e misconosciuta storia di uno dei maggiori fisici del \u2018900\u00bb.<\/p>\n\n\n\n<p>La proclamazione si \u00e8 tenuta nella serata conclusiva del Festival Cosmos, al teatro comunale \u201cFrancesco Cilea\u201d, nel corso di un evento condotto dalla giornalista Serena Bortone che, prima del concerto conclusivo dell&#8217;orchestra &#8220;Cilea&#8221;, ha presentato la cinquina finalista composta, oltre che dal vincitore, da Silvia Bencivelli, autrice di \u201cEroica, folle e visionaria. Storie di medicina spericolata\u201d (Bollati Boringhieri Editore), Marco Ciardi, con \u201cQuando Darwin incontr\u00f2 Flash Gordon. Scienza e cultura di massa tra Otto e Novecento\u201d (Carocci Editore), Gian Francesco Giudice, autore di \u201cPrima del Big Bang. Come \u00e8 iniziato l\u2019universo e cosa \u00e8 avvenuto prima\u201d (Rizzoli Editore), Fabrizio Benedetti e Luca Morici, gi\u00e0 vincitori del Premio Cosmos Studenti per \u201cViaggio al centro del cervello. Esplorare la mente con parole, immagini, fumetti\u201d (Carocci Editore).<\/p>\n\n\n\n<p>A consegnare il premio al professor Giuseppe Mussardo \u00e8 stato il sindaco della Citt\u00e0 Metropolitana, Giuseppe Falcomat\u00e0, insieme al consigliere delegato alla Cultura, Filippo Quartuccio, ed a Lucia Votano dell\u2019Istituto nazionale di fisica nucleare. \u00abPi\u00f9 che una sommessa \u2013 ha sottolineato Falcomat\u00e0 &#8211; oggi Cosmos \u00e8 una certezza perch\u00e9 si conferma tra gli appuntamenti pi\u00f9 importanti, in Italia, nel campo della divulgazione scientifica. L\u2019obiettivo \u00e8 quello di mettere insieme la professionalit\u00e0 degli scienziati e la necessit\u00e0 di tramandare il loro sapere a studenti e studentesse lungo un sentiero che faccia emergere un talento, una passione, quell\u2019attaccamento ad una materia scientifica che possa contribuire alla costruzione della comunit\u00e0 scientifica del futuro sognando, perch\u00e9 no, un Premio Nobel\u00bb. \u00abCosmos \u2013 ha aggiunto il sindaco \u2013 in un certo senso, vuole anche infondere una responsabilit\u00e0 nei confronti dei premiati che, da ora in avanti, facciano partire un\u2019onda lunga d&#8217;interesse verso il comprensorio reggino fino alla prossima edizione del Festival. E&#8217;, dunque, una precisa scelta di indirizzo politico dell\u2019amministrazione della Citt\u00e0 Metropolitana ed \u00e8 importante che la nostra citt\u00e0 si ritagli, pure nel panorama scientifico e culturale, il profilo di un territorio che investe nel sapere quale arma vincente per migliorare la propria immagine agli occhi dell\u2019Italia e del mondo. Un ringraziamento, in questo senso, non pu\u00f2 che andare alla dirigente Giuseppina Attanasio ed a tutta l\u2019equipe del Settore 2 della Citt\u00e0 Metropolitana\u00bb.<\/p>\n\n\n\n<p>Anche il consigliere Filippo Quartuccio si \u00e8 detto \u00abentusiasta per un\u2019edizione straordinaria del Festival\u00bb. \u00abSono stati quattro giorni intensi \u2013 ha spiegato \u2013 importanti per affermare una programmazione, realizzata nel tempo, mirata a promuovere le scienze e le relazioni umane attraverso l\u2019arte, la cultura, i seminari, i laboratori ed i workshop. Cosmos \u00e8 un grande motivo di orgoglio per la citt\u00e0 che punta a raggiungere livelli sempre pi\u00f9 alti nell\u2019ambito della divulgazione scientifica anche grazie ad eventi di spessore che possono contribuire ad una maggiore crescita del territorio\u00bb.<\/p>\n\n\n\n<p>Il vincitore del Premio Cosmos, Giuseppe Mussardo, nel sottolineare la valenza di tutte le opere finaliste, ha espresso la propria felicit\u00e0 per \u00abaver ricevuto un riconoscimento cos\u00ec prestigioso in un contesto altrettanto affascinante\u00bb. \u00abLa Citt\u00e0 di Reggio Calabria \u2013 ha detto &#8211; \u00e8 unica come calore, ospitalit\u00e0 ed iniziative di questo genere\u00bb. Rispetto al suo libro, il fisico ha parlato di una \u00abricerca durata oltre 10 anni, condotta in tutti i laboratori del mondo\u00bb. \u00abE\u2019 stato un lavoro necessario \u2013 ha proseguito Mussardo \u2013 per ricostruire una vicenda assolutamente enigmatica. Ho cercato di usare logiche scientifiche per comprendere vicende storiche molto complicate\u00bb.<\/p>\n\n\n\n<p>Lucia Votano, a margine dell\u2019evento, ha promosso \u00abla lungimiranza della Citt\u00e0 Metropolitana che, fin dal 2018, ha scelto di investire nel settore della scienza\u00bb. \u00abIl format del Premio di divulgazione della letteratura scientifica associato al Festival della scienza \u2013 ha concluso &#8211; \u00e8 stato replicato sia in Francia sia in Olanda. E&#8217; la conferma di come l\u2019evento di Reggio Calabria sia, indiscutibilmente, fra i pi\u00f9 importanti del Sud Italia\u00bb.<\/p>\n<\/div><footer class=\"entry-footer\"><\/footer><div class='post_delimiter'><\/div><\/div><div class=\"post_author_timeline\"><\/div><span class='hidden'>\n\t\t\t\t<span class='av-structured-data'  itemprop=\"image\" itemscope=\"itemscope\" itemtype=\"https:\/\/schema.org\/ImageObject\" >\n\t\t\t\t\t\t<span itemprop='url'>https:\/\/cosmos.cittametropolitana.rc.it\/wp-content\/uploads\/2024\/06\/COSMOS_Intestazione-festival-WHT.svg<\/span>\n\t\t\t\t\t\t<span itemprop='height'>0<\/span>\n\t\t\t\t\t\t<span itemprop='width'>0<\/span>\n\t\t\t\t<\/span>\n\t\t\t\t<span class='av-structured-data'  itemprop=\"publisher\" itemtype=\"https:\/\/schema.org\/Organization\" itemscope=\"itemscope\" >\n\t\t\t\t\t\t<span itemprop='name'>Sergio Conti<\/span>\n\t\t\t\t\t\t<span itemprop='logo' itemscope itemtype='https:\/\/schema.org\/ImageObject'>\n\t\t\t\t\t\t\t<span itemprop='url'>https:\/\/cosmos.cittametropolitana.rc.it\/wp-content\/uploads\/2024\/06\/COSMOS_Intestazione-festival-WHT.svg<\/span>\n\t\t\t\t\t\t<\/span>\n\t\t\t\t<\/span><span class='av-structured-data'  itemprop=\"author\" itemscope=\"itemscope\" itemtype=\"https:\/\/schema.org\/Person\" ><span itemprop='name'>Sergio Conti<\/span><\/span><span class='av-structured-data'  itemprop=\"datePublished\" datetime=\"2024-10-16T10:29:16+02:00\" >2024-10-16 10:29:16<\/span><span class='av-structured-data'  itemprop=\"dateModified\" itemtype=\"https:\/\/schema.org\/dateModified\" >2024-10-16 10:31:44<\/span><span class='av-structured-data'  itemprop=\"mainEntityOfPage\" itemtype=\"https:\/\/schema.org\/mainEntityOfPage\" ><span itemprop='name'>Giuseppe Mussardo vince il Premio Cosmos 2024<\/span><\/span><\/span><\/article><div class='single-big'><\/div><\/div><\/div>\n","protected":false},"excerpt":{"rendered":"","protected":false},"author":1,"featured_media":0,"parent":0,"menu_order":0,"comment_status":"closed","ping_status":"closed","template":"","meta":{"inline_featured_image":false,"footnotes":""},"class_list":["post-67","page","type-page","status-publish","hentry"],"_links":{"self":[{"href":"https:\/\/cosmos.cittametropolitana.rc.it\/index.php?rest_route=\/wp\/v2\/pages\/67","targetHints":{"allow":["GET"]}}],"collection":[{"href":"https:\/\/cosmos.cittametropolitana.rc.it\/index.php?rest_route=\/wp\/v2\/pages"}],"about":[{"href":"https:\/\/cosmos.cittametropolitana.rc.it\/index.php?rest_route=\/wp\/v2\/types\/page"}],"author":[{"embeddable":true,"href":"https:\/\/cosmos.cittametropolitana.rc.it\/index.php?rest_route=\/wp\/v2\/users\/1"}],"replies":[{"embeddable":true,"href":"https:\/\/cosmos.cittametropolitana.rc.it\/index.php?rest_route=%2Fwp%2Fv2%2Fcomments&post=67"}],"version-history":[{"count":3,"href":"https:\/\/cosmos.cittametropolitana.rc.it\/index.php?rest_route=\/wp\/v2\/pages\/67\/revisions"}],"predecessor-version":[{"id":1288,"href":"https:\/\/cosmos.cittametropolitana.rc.it\/index.php?rest_route=\/wp\/v2\/pages\/67\/revisions\/1288"}],"wp:attachment":[{"href":"https:\/\/cosmos.cittametropolitana.rc.it\/index.php?rest_route=%2Fwp%2Fv2%2Fmedia&parent=67"}],"curies":[{"name":"wp","href":"https:\/\/api.w.org\/{rel}","templated":true}]}}