{"id":53,"date":"2023-09-30T17:53:22","date_gmt":"2023-09-30T15:53:22","guid":{"rendered":"http:\/\/cosmos.cittametropolitana.rc.it\/?page_id=53"},"modified":"2023-10-03T16:41:42","modified_gmt":"2023-10-03T14:41:42","slug":"festival-cosmos","status":"publish","type":"page","link":"https:\/\/cosmos.cittametropolitana.rc.it\/?page_id=53","title":{"rendered":"Festival Cosmos"},"content":{"rendered":"<div id='full_slider_1'  class='avia-fullwidth-slider main_color avia-shadow av-small-hide av-mini-hide  avia-builder-el-0  el_before_av_slideshow_full  avia-builder-el-first   container_wrap fullsize'  >\n<style type=\"text\/css\" data-created_by=\"avia_inline_auto\" id=\"style-css-av-ln9m9rb4-88566f3e0058ec9db40de52927c6a4c2\">\n@keyframes av_slideshow_img_scale_av-ln9m9rb4-88566f3e0058ec9db40de52927c6a4c2 {\n   0% { transform: scale(1.4); opacity: 0.4; }\n 100% { transform: scale(1.03); opacity: 1; }\n}\n.avia-slideshow.av-ln9m9rb4-88566f3e0058ec9db40de52927c6a4c2 .avia-slideshow-slide img{\nopacity:0.4;\n}\n.avia-slideshow.av-ln9m9rb4-88566f3e0058ec9db40de52927c6a4c2 .avia-slideshow-slide.next-active-slide img{\nanimation:av_slideshow_img_scale_av-ln9m9rb4-88566f3e0058ec9db40de52927c6a4c2 1s 1 ease-in-out;\ntransform:scale(1.03);\nopacity:1;\n}\n<\/style>\n<div  class='avia-slideshow av-ln9m9rb4-88566f3e0058ec9db40de52927c6a4c2 avia-slideshow-featured av_slideshow_full avia-slide-slider av-small-hide av-mini-hide av-slideshow-ui av-control-default av-slideshow-manual av-loop-once av-loop-manual-endless av-default-height-applied   avia-slideshow-1' data-slideshow-options=\"{&quot;animation&quot;:&quot;slide&quot;,&quot;autoplay&quot;:false,&quot;loop_autoplay&quot;:&quot;once&quot;,&quot;interval&quot;:5,&quot;loop_manual&quot;:&quot;manual-endless&quot;,&quot;autoplay_stopper&quot;:false,&quot;noNavigation&quot;:false,&quot;bg_slider&quot;:false,&quot;keep_padding&quot;:false,&quot;hoverpause&quot;:false,&quot;show_slide_delay&quot;:0}\"  itemprop=\"image\" itemscope=\"itemscope\" itemtype=\"https:\/\/schema.org\/ImageObject\" ><ul class='avia-slideshow-inner ' style='padding-bottom: 28.666666666667%;'><li  class='avia-slideshow-slide av-ln9m9rb4-88566f3e0058ec9db40de52927c6a4c2__0  av-single-slide slide-1 slide-odd'><div data-rel='slideshow-1' class='avia-slide-wrap '   ><div class='av-slideshow-caption av-ln9m9rb4-88566f3e0058ec9db40de52927c6a4c2__0 caption_fullwidth caption_bottom'><div class=\"container caption_container\"><div class=\"slideshow_caption\"><div class=\"slideshow_inner_caption\"><div class=\"slideshow_align_caption\"><h1 class='avia-caption-title '  itemprop=\"name\" >Festival Cosmos<\/h1><\/div><\/div><\/div><\/div><\/div><img decoding=\"async\" class=\"wp-image-346 avia-img-lazy-loading-not-346\"  src=\"https:\/\/cosmos.cittametropolitana.rc.it\/wp-content\/uploads\/2023\/10\/cosmo-1500x430.jpg\" width=\"1500\" height=\"430\" title='cosmo' alt=''  itemprop=\"thumbnailUrl\"   \/><\/div><\/li><\/ul><\/div><\/div>\n<div id='full_slider_2'  class='avia-fullwidth-slider main_color avia-shadow av-desktop-hide av-medium-hide  avia-builder-el-1  el_after_av_slideshow_full  el_before_av_one_fifth   slider-not-first container_wrap fullsize'  >\n<style type=\"text\/css\" data-created_by=\"avia_inline_auto\" id=\"style-css-av-ln9mg3d9-31b32a76e40f9901c7026b0240da212d\">\n@keyframes av_slideshow_img_scale_av-ln9mg3d9-31b32a76e40f9901c7026b0240da212d {\n   0% { transform: scale(1.4); opacity: 0.4; }\n 100% { transform: scale(1.03); opacity: 1; }\n}\n.avia-slideshow.av-ln9mg3d9-31b32a76e40f9901c7026b0240da212d .avia-slideshow-slide img{\nopacity:0.4;\n}\n.avia-slideshow.av-ln9mg3d9-31b32a76e40f9901c7026b0240da212d .avia-slideshow-slide.next-active-slide img{\nanimation:av_slideshow_img_scale_av-ln9mg3d9-31b32a76e40f9901c7026b0240da212d 1s 1 ease-in-out;\ntransform:scale(1.03);\nopacity:1;\n}\n<\/style>\n<div  class='avia-slideshow av-ln9mg3d9-31b32a76e40f9901c7026b0240da212d avia-slideshow-large av_slideshow_full avia-slide-slider av-desktop-hide av-medium-hide av-slideshow-ui av-control-default av-slideshow-manual av-loop-once av-loop-manual-endless av-default-height-applied   avia-slideshow-2' data-slideshow-options=\"{&quot;animation&quot;:&quot;slide&quot;,&quot;autoplay&quot;:false,&quot;loop_autoplay&quot;:&quot;once&quot;,&quot;interval&quot;:5,&quot;loop_manual&quot;:&quot;manual-endless&quot;,&quot;autoplay_stopper&quot;:false,&quot;noNavigation&quot;:false,&quot;bg_slider&quot;:false,&quot;keep_padding&quot;:false,&quot;hoverpause&quot;:false,&quot;show_slide_delay&quot;:0}\"  itemprop=\"image\" itemscope=\"itemscope\" itemtype=\"https:\/\/schema.org\/ImageObject\" ><ul class='avia-slideshow-inner ' style='padding-bottom: 68.640776699029%;'><li  class='avia-slideshow-slide av-ln9mg3d9-31b32a76e40f9901c7026b0240da212d__0  av-single-slide slide-1 slide-odd'><div data-rel='slideshow-2' class='avia-slide-wrap '   ><div class='av-slideshow-caption av-ln9mg3d9-31b32a76e40f9901c7026b0240da212d__0 caption_fullwidth caption_bottom'><div class=\"container caption_container\"><div class=\"slideshow_caption\"><div class=\"slideshow_inner_caption\"><div class=\"slideshow_align_caption\"><h1 class='avia-caption-title '  itemprop=\"name\" >Festival Cosmos<\/h1><\/div><\/div><\/div><\/div><\/div><img decoding=\"async\" class=\"wp-image-346 avia-img-lazy-loading-not-346\"  src=\"https:\/\/cosmos.cittametropolitana.rc.it\/wp-content\/uploads\/2023\/10\/cosmo-1030x707.jpg\" width=\"1030\" height=\"707\" title='cosmo' alt=''  itemprop=\"thumbnailUrl\" srcset=\"https:\/\/cosmos.cittametropolitana.rc.it\/wp-content\/uploads\/2023\/10\/cosmo-1030x707.jpg 1030w, https:\/\/cosmos.cittametropolitana.rc.it\/wp-content\/uploads\/2023\/10\/cosmo-300x206.jpg 300w, https:\/\/cosmos.cittametropolitana.rc.it\/wp-content\/uploads\/2023\/10\/cosmo-768x527.jpg 768w, https:\/\/cosmos.cittametropolitana.rc.it\/wp-content\/uploads\/2023\/10\/cosmo-1536x1054.jpg 1536w, https:\/\/cosmos.cittametropolitana.rc.it\/wp-content\/uploads\/2023\/10\/cosmo-1500x1030.jpg 1500w, https:\/\/cosmos.cittametropolitana.rc.it\/wp-content\/uploads\/2023\/10\/cosmo-705x484.jpg 705w, https:\/\/cosmos.cittametropolitana.rc.it\/wp-content\/uploads\/2023\/10\/cosmo.jpg 1920w\" sizes=\"(max-width: 1030px) 100vw, 1030px\" \/><\/div><\/li><\/ul><\/div><\/div><div id='after_full_slider_2'  class='main_color av_default_container_wrap container_wrap fullsize'  ><div class='container av-section-cont-open' ><div class='template-page content  av-content-full alpha units'><div class='post-entry post-entry-type-page post-entry-53'><div class='entry-content-wrapper clearfix'>\n<div  class='flex_column av-11q55-557018b582b78793b4a177503e76ee79 av_one_fifth  avia-builder-el-2  el_after_av_slideshow_full  el_before_av_three_fourth  avia-builder-el-first  first flex_column_div  '     ><\/div>\n<div  class='flex_column av-qqxd-277d13effa44ef383826962eecd7c477 av_three_fourth  avia-builder-el-3  el_after_av_one_fifth  avia-builder-el-last  flex_column_div  '     ><style type=\"text\/css\" data-created_by=\"avia_inline_auto\" id=\"style-css-av-ln9ke9na-e9ee349a6deca00c289e8ff33a1236f3\">\n#top .av_textblock_section.av-ln9ke9na-e9ee349a6deca00c289e8ff33a1236f3 .avia_textblock{\nfont-size:30px;\ntext-align:left;\n}\n<\/style>\n<section  class='av_textblock_section av-ln9ke9na-e9ee349a6deca00c289e8ff33a1236f3 '   itemscope=\"itemscope\" itemtype=\"https:\/\/schema.org\/CreativeWork\" ><div class='avia_textblock'  itemprop=\"text\" ><p>Il Festival Cosmos \u00e8 un\u2019iniziativa volta a promuovere il dialogo tra scienza, cultura e societ\u00e0, attraverso laboratori scientifici, conferenze pubbliche, esposizioni e seminari. L\u2019iniziativa coinvolge scienziati di fama internazionale, enti di ricerca, istituzioni culturali, imprese e cittadini, nella convinzione che la cultura scientifica possa offrire nuove prospettive e aprire scenari inesplorati.<\/p>\n<p>La separazione tra discipline umanistiche e scientifiche come modi distinti di interpretare il mondo \u00e8, infatti, ormai da tempo superata: nei tempi moderni \u00e8 fondamentale comprendere come la scienza e una corretta interpretazione dei risultati scientifici possano orientare nella lettura di un\u2019ampia gamma di questioni che regolano la nostra vita quotidiana.<\/p>\n<p>\u00c8 una questione individuale, ma anche collettiva, che ci riguarda come comunit\u00e0 e come societ\u00e0. La Citt\u00e0 Metropolitana di Reggio Calabria promuove il festival Cosmos quale occasione per costruire conoscenza e cultura, nella consapevolezza che occorre formare cittadini informati e giovani capaci di affrontare sfide impegnative, con competenza e alta qualificazione, essenziali per puntare a una crescita e sviluppo economico e sociale del nostro territorio.<\/p>\n<p>Nell\u2019ambito del Festival si celebra anche il <a href=\"https:\/\/cosmos.cittametropolitana.rc.it\/?page_id=51\">Premio Cosmos<\/a> per la divulgazione scientifica, che coinvolge gli studenti delle scuole superiori in Italia e all\u2019estero nella lettura e nella valutazione dei migliori libri di divulgazione scientifica e che mira a riconoscere il lavoro degli scienziati e l&#8217;impegno di quanti contribuiscono a disseminare il sapere.<\/p>\n<\/div><\/section><\/div>\n","protected":false},"excerpt":{"rendered":"","protected":false},"author":1,"featured_media":0,"parent":0,"menu_order":0,"comment_status":"closed","ping_status":"closed","template":"","meta":{"inline_featured_image":false,"footnotes":""},"class_list":["post-53","page","type-page","status-publish","hentry"],"_links":{"self":[{"href":"https:\/\/cosmos.cittametropolitana.rc.it\/index.php?rest_route=\/wp\/v2\/pages\/53","targetHints":{"allow":["GET"]}}],"collection":[{"href":"https:\/\/cosmos.cittametropolitana.rc.it\/index.php?rest_route=\/wp\/v2\/pages"}],"about":[{"href":"https:\/\/cosmos.cittametropolitana.rc.it\/index.php?rest_route=\/wp\/v2\/types\/page"}],"author":[{"embeddable":true,"href":"https:\/\/cosmos.cittametropolitana.rc.it\/index.php?rest_route=\/wp\/v2\/users\/1"}],"replies":[{"embeddable":true,"href":"https:\/\/cosmos.cittametropolitana.rc.it\/index.php?rest_route=%2Fwp%2Fv2%2Fcomments&post=53"}],"version-history":[{"count":12,"href":"https:\/\/cosmos.cittametropolitana.rc.it\/index.php?rest_route=\/wp\/v2\/pages\/53\/revisions"}],"predecessor-version":[{"id":849,"href":"https:\/\/cosmos.cittametropolitana.rc.it\/index.php?rest_route=\/wp\/v2\/pages\/53\/revisions\/849"}],"wp:attachment":[{"href":"https:\/\/cosmos.cittametropolitana.rc.it\/index.php?rest_route=%2Fwp%2Fv2%2Fmedia&parent=53"}],"curies":[{"name":"wp","href":"https:\/\/api.w.org\/{rel}","templated":true}]}}