{"id":3,"date":"2023-09-28T09:37:54","date_gmt":"2023-09-28T07:37:54","guid":{"rendered":"http:\/\/cosmos.cittametropolitana.rc.it\/?page_id=3"},"modified":"2023-10-04T13:24:15","modified_gmt":"2023-10-04T11:24:15","slug":"privacy-policy","status":"publish","type":"page","link":"https:\/\/cosmos.cittametropolitana.rc.it\/?page_id=3","title":{"rendered":"Privacy Policy"},"content":{"rendered":"\n<style type=\"text\/css\" data-created_by=\"avia_inline_auto\" id=\"style-css-av-lnbhs3vy-264d187b4daadca53b44e1ec76b83d3d\">\n#top .av_textblock_section.av-lnbhs3vy-264d187b4daadca53b44e1ec76b83d3d .avia_textblock{\nfont-size:20px;\n}\n<\/style>\n<section  class='av_textblock_section av-lnbhs3vy-264d187b4daadca53b44e1ec76b83d3d '   itemscope=\"itemscope\" itemtype=\"https:\/\/schema.org\/CreativeWork\" ><div class='avia_textblock'  itemprop=\"text\" ><header>\n<h2 class=\"documentFirstHeading\">Informativa sul trattamento dei dati personali<\/h2>\n<div id=\"viewlet-below-content-title\">\n<h5 id=\"plone-document-byline\" class=\"documentByLine\"><span class=\"documentPublished\">pubblicato\u00a0<span class=\"pat-moment\" data-pat-moment=\"format:DD\/MM\/YYYY\">2017\/03\/07 13:45:00 GMT+2<\/span>,<\/span><\/h5>\n<\/div>\n<\/header>\n<div id=\"content-core\">\n<div id=\"parent-fieldname-text\" class=\"\">\n<h4>ai sensi dell\u2019articolo 13 del\u00a0<a href=\"https:\/\/eur-lex.europa.eu\/legal-content\/IT\/TXT\/HTML\/?uri=CELEX:32016R0679\">Regolamento (UE) 2016\/679 del Parlamento europeo e del Consiglio<\/a><\/h4>\n<p>In questa pagina si descrivono le modalit\u00e0 di gestione del sito web in riferimento al trattamento dei dati personali degli utenti che lo utilizzano. Si tratta di un&#8217;informativa che \u00e8 resa, ai sensi dell\u2019art. 13 del Regolamento UE 2016\/679 (G.D.P.R. \u201cGeneral Data Protection Regulation\u201d) e delle ulteriori normative vigenti, a coloro che interagiscono (&#8220;Utenti\u201d o \u201cinteressati\u201d) con i servizi web della Citt\u00e0 Metropolitana di Reggio Calabria accessibili per via telematica a partire dall&#8217;indirizzo: www.cittametropoilitana.rc.it corrispondente alla pagina iniziale del sito ufficiale della Citt\u00e0 Metropolitana di Reggio Calabria.<\/p>\n<p>Le informazioni rese non riguardano altri siti, pagine o servizi online raggiungibili tramite link ipertestuali riferiti a risorse esterne al dominio del presente sito web.<\/p>\n<h2>Titolare del trattamento<\/h2>\n<p>Citt\u00e0 Metropolitana di Reggio Calabria, Piazza Italia 89125 &#8211; Reggio Calabria,<\/p>\n<p>indirizzo e-mail:<\/p>\n<p><a href=\"mailto:protocollo@pec.cittametropolitana.rc.it\">protocollo@pec.cittametropolitana.rc.it<\/a><\/p>\n<p>centralino: 0965 498 111<\/p>\n<h2>Responsabile della protezione dei dati (Data Protection Officer)<\/h2>\n<h3>Il Responsabile della Protezione dei Dati (RPD) \u00e8 raggiungibile al seguente indirizzo:<\/h3>\n<h3><a href=\"mailto:rpd@cittametropolitana.rc.it\">rpd@cittametropolitana.rc.it<\/a><\/h3>\n<h2>Tipi di dati trattati<\/h2>\n<p>Tutti i dati personali forniti attraverso il presente sito web saranno trattati in modo lecito, corretto e trasparente al fine di fornire i servizi richiesti nonch\u00e9 di rispondere alle comunicazioni ed alle domande degli Utenti.<\/p>\n<p>Dati di navigazione<\/p>\n<p>I sistemi informatici e le procedure software preposte al funzionamento del sito acquisiscono, nel corso del loro normale esercizio, alcuni dati personali la cui trasmissione \u00e8 implicita nell&#8217;uso dei protocolli di comunicazione di internet (es.: dati personali acquisiti mediante log di accesso al sito). Tali dati sono trattati per la gestione tecnica del sito web e per la raccolta di dati analitici sul relativo traffico.<\/p>\n<h3>Cookie e altri sistemi di tracciamento<\/h3>\n<p>I cookie sono piccoli frammenti di testo che il sito web invia al browser dell&#8217;utente, ove vengono memorizzati per poi essere ri-trasmessi al sito alla visita successiva. Il presente sito utilizza cookie tecnici di sessione e cookie analitici volti alla raccolta di informazioni, in forma aggregata, sul numero degli utenti e su come gli stessi visitano il sito. Al fine di rispettare la privacy dei nostri utenti, gli indirizzi IP di coloro che navigano sul sito internet sono resi anonimi.<\/p>\n<p>Il sito si avvale del servizio esterno\u00a0<a href=\"https:\/\/webanalytics.italia.it\/\">Web Analytics Italia<\/a>, di cui \u00e8 disponibile l\u2019<a href=\"https:\/\/webanalytics.italia.it\/privacy\">informativa<\/a>.<\/p>\n<p>Web analytics Italia (WAI) \u00e8 una piattaforma nazionale di raccolta e analisi dei dati statistici relativi al traffico dei siti e servizi digitali della Pubblica Amministrazione italiana.<\/p>\n<p>I cookies utilizzati dal sito non consentono l&#8217;identificazione o la profilazione dell&#8217;utente, che pu\u00f2 sempre scegliere di abilitare o disabilitare i cookie, intervenendo sulle impostazioni del proprio browser di navigazione secondo le istruzioni rese disponibili dai relativi fornitori ai link di seguito indicati:<\/p>\n<ul>\n<li><a href=\"https:\/\/support.google.com\/chrome\/answer\/95647?hl=eng\">Chrome<\/a><\/li>\n<li><a href=\"https:\/\/support.mozilla.org\/it\/kb\/Gestione%20dei%20cookie#w_impostazioni-dei-cookie\">Firefox<\/a><\/li>\n<li><a href=\"https:\/\/support.apple.com\/it-it\/guide\/safari\/sfri11471\/mac\">Safari per dispositivi mobili<\/a><\/li>\n<li><a href=\"https:\/\/support.apple.com\/it-it\/HT201265\">Safari<\/a><\/li>\n<li><a href=\"https:\/\/support.microsoft.com\/it-it\/help\/17442\/windows-internet-explorer-delete-manage-cookies\">Internet Explorer<\/a><\/li>\n<li><a href=\"https:\/\/support.microsoft.com\/it-it\/help\/4027947\/microsoft-edge-delete-cookies\">Edge<\/a><\/li>\n<li><a href=\"https:\/\/help.opera.com\/en\/latest\/web-preferences\/#cookies\">Opera<\/a><\/li>\n<\/ul>\n<h3>Dati forniti volontariamente dall&#8217;utente<\/h3>\n<p>L&#8217;invio facoltativo, esplicito e volontario di posta elettronica agli indirizzi indicati su questo sito o l&#8217;utilizzo di aree riservate e la compilazione di moduli web, comporta la successiva acquisizione ed elaborazione dei dati necessari per offrire il servizio richiesto e\/o rispondere alle richieste, nonch\u00e9 degli eventuali altri dati personali inseriti.<\/p>\n<p>Specifiche informative potranno essere riportate o visualizzate nelle pagine del sito predisposte per particolari servizi a richiesta.<\/p>\n<p>Ove l&#8217;accesso a particolari servizi sia subordinato alla registrazione previa comunicazione di dati personali, valgono le seguenti disposizioni generali:<\/p>\n<ul>\n<li>i dati personali, raccolti e conservati in banche dati, verranno trattati da dipendenti incaricati dal titolare del trattamento, e non saranno oggetto di diffusione o di comunicazione a terzi, se non nei casi previsti dalla legge e con le modalit\u00e0 da questa consentite;<\/li>\n<li>il soggetto interessato ha facolt\u00e0 di esercitare i diritti previsti di cui alla presente informativa.<\/li>\n<\/ul>\n<h2>Finalit\u00e0, base giuridica e modalit\u00e0 del trattamento<\/h2>\n<p>I dati personali sono trattati dalla Citt\u00e0 Metropolitana di Reggio Calabria per l&#8217;esecuzione di un compito di interesse pubblico o per adempiere un obbligo di legge.<\/p>\n<p>Nell&#8217;ambito di tali finalit\u00e0, il trattamento pu\u00f2 riguardare i dati necessari per la gestione dei rapporti con la Citt\u00e0 Metropolitana di Reggio Calabria, compresi i dati forniti al momento della registrazione o fruizione di servizi online.<\/p>\n<p>I dati personali sono trattati con strumenti automatizzati in modo lecito, corretto e trasparente, al fine di fornire i servizi richiesti nonch\u00e9 di rispondere alle comunicazioni ed alle domande degli Utenti.<\/p>\n<h2>Categorie di destinatari dei dati personali<\/h2>\n<p>La Citt\u00e0 Metropolitana di Reggio Calabria tratter\u00e0 autonomamente i dati personali mediante il proprio personale. Sono destinatari dei dati personali, altres\u00ec, i fornitori di servizi tecnici e telematici, quali responsabili del trattamento.<\/p>\n<p>La Citt\u00e0 Metropolitana di Reggio Calabria non trasferisce alcun dato personale a Paesi terzi o a organizzazioni internazionali.<\/p>\n<h2>Periodo di conservazione dei dati personali<\/h2>\n<p>I dati personali raccolti e trattati secondo la presente Informativa verranno conservati dal Titolare per il periodo necessario per l\u2019erogazione del servizio ed in ogni caso per il tempo necessario all&#8217;esecuzione dei compiti istituzionali dell\u2019Amministrazione o per gli adempimenti previsti da norme di legge o regolamento.<\/p>\n<p>I dati di navigazione non vengono conservati per oltre 30 giorni dal momento della raccolta, fatte salve eventuali necessit\u00e0 di accertamento di reati da parte dell&#8217;Autorit\u00e0 giudiziaria.<\/p>\n<h2>Diritti degli utenti<\/h2>\n<p>I soggetti cui si riferiscono i dati personali hanno il diritto, esercitabile in qualunque momento:<\/p>\n<p>&#8211; di accesso ai dati personali;<\/p>\n<p>&#8211; di ottenere la rettifica o la cancellazione degli stessi o la limitazione del trattamento che li<\/p>\n<p>riguardano;<\/p>\n<p>&#8211; di ricevere comunicazione delle eventuali rettifiche, cancellazioni o limitazioni del trattamento comunicate dal Titolare ai destinatari cui sono stati trasmessi i dati personali, salvo eccezioni di legge;<\/p>\n<p>&#8211; di opporsi al trattamento;<\/p>\n<p>&#8211; alla portabilit\u00e0 dei dati, laddove ne ricorrano i presupposti;<\/p>\n<p>&#8211; di proporre reclamo all&#8217;autorit\u00e0 di controllo (Garante Privacy), fatto salvo ogni altro ricorso<\/p>\n<p>amministrativo o giurisdizionale.<\/p>\n<p>I diritti potranno essere esercitati mediante comunicazione inviata al responsabile per la protezione dei dati al recapito sopra indicato.<\/p>\n<p>Data ultimo aggiornamento: 10 aprile 2020<\/p>\n<\/div>\n<\/div>\n<\/div><\/section>\n<section  class='av_textblock_section av-lnbhrvt4-90ecf19e459835be42da6ab84a80ad28 '   itemscope=\"itemscope\" itemtype=\"https:\/\/schema.org\/CreativeWork\" ><div class='av-desktop-hide av-medium-hide av-small-hide av-mini-hide avia_textblock'  itemprop=\"text\" ><p>Chi siamo<\/p>\n<p><strong class=\"privacy-policy-tutorial\">Testo suggerito: <\/strong>L&#8217;indirizzo del nostro sito web \u00e8: https:\/\/cosmos.cittametropolitana.rc.it.<\/p>\n<p>Commenti<\/p>\n<p><strong class=\"privacy-policy-tutorial\">Testo suggerito: <\/strong>Quando i visitatori lasciano commenti sul sito, raccogliamo i dati mostrati nel modulo dei commenti oltre all&#8217;indirizzo IP del visitatore e la stringa dello user agent del browser per facilitare il rilevamento dello spam.<\/p>\n<p>Una stringa anonimizzata creata a partire dal tuo indirizzo email (altrimenti detta hash) pu\u00f2 essere fornita al servizio Gravatar per vedere se lo stai usando. La privacy policy del servizio Gravatar \u00e8 disponibile qui: https:\/\/automattic.com\/privacy\/. Dopo l&#8217;approvazione del tuo commento, la tua immagine del profilo \u00e8 visibile al pubblico nel contesto del tuo commento.<\/p>\n<p>Media<\/p>\n<p><strong class=\"privacy-policy-tutorial\">Testo suggerito: <\/strong>Se carichi immagini sul sito web, dovresti evitare di caricare immagini che includono i dati di posizione incorporati (EXIF GPS). I visitatori del sito web possono scaricare ed estrarre qualsiasi dato sulla posizione dalle immagini sul sito web.<\/p>\n<p>Cookie<\/p>\n<p><strong class=\"privacy-policy-tutorial\">Testo suggerito: <\/strong>Se lasci un commento sul nostro sito, puoi scegliere di salvare il tuo nome, indirizzo email e sito web nei cookie. Sono usati per la tua comodit\u00e0 in modo che tu non debba inserire nuovamente i tuoi dati quando lasci un altro commento. Questi cookie dureranno per un anno.<\/p>\n<p>Se visiti la pagina di login, verr\u00e0 impostato un cookie temporaneo per determinare se il tuo browser accetta i cookie. Questo cookie non contiene dati personali e viene eliminato quando chiudi il browser.<\/p>\n<p>Quando effettui l&#8217;accesso, verranno impostati diversi cookie per salvare le tue informazioni di accesso e le tue opzioni di visualizzazione dello schermo. I cookie di accesso durano due giorni mentre i cookie per le opzioni dello schermo durano un anno. Se selezioni &#8220;Ricordami&#8221;, il tuo accesso persister\u00e0 per due settimane. Se esci dal tuo account, i cookie di accesso verranno rimossi.<\/p>\n<p>Se modifichi o pubblichi un articolo, un cookie aggiuntivo verr\u00e0 salvato nel tuo browser. Questo cookie non include dati personali, ma indica semplicemente l&#8217;ID dell&#8217;articolo appena modificato. Scade dopo 1 giorno.<\/p>\n<p>Contenuto incorporato da altri siti web<\/p>\n<p><strong class=\"privacy-policy-tutorial\">Testo suggerito: <\/strong>Gli articoli su questo sito possono includere contenuti incorporati (ad esempio video, immagini, articoli, ecc.). I contenuti incorporati da altri siti web si comportano esattamente allo stesso modo come se il visitatore avesse visitato l&#8217;altro sito web.<\/p>\n<p>Questi siti web possono raccogliere dati su di te, usare cookie, integrare ulteriori tracciamenti di terze parti e monitorare l&#8217;interazione con essi, incluso il tracciamento della tua interazione con il contenuto incorporato se hai un account e sei connesso a quei siti web.<\/p>\n<p>Con chi condividiamo i tuoi dati<\/p>\n<p><strong class=\"privacy-policy-tutorial\">Testo suggerito: <\/strong>Se richiedi una reimpostazione della password, il tuo indirizzo IP verr\u00e0 incluso nell&#8217;email di reimpostazione.<\/p>\n<p>Per quanto tempo conserviamo i tuoi dati<\/p>\n<p><strong class=\"privacy-policy-tutorial\">Testo suggerito: <\/strong>Se lasci un commento, il commento e i relativi metadati vengono conservati a tempo indeterminato. \u00c8 cos\u00ec che possiamo riconoscere e approvare automaticamente eventuali commenti successivi invece di tenerli in una coda di moderazione.<\/p>\n<p>Per gli utenti che si registrano sul nostro sito web (se presenti), memorizziamo anche le informazioni personali che forniscono nel loro profilo utente. Tutti gli utenti possono vedere, modificare o eliminare le loro informazioni personali in qualsiasi momento (eccetto il loro nome utente che non possono cambiare). Gli amministratori del sito web possono anche vedere e modificare queste informazioni.<\/p>\n<p>Quali diritti hai sui tuoi dati<\/p>\n<p><strong class=\"privacy-policy-tutorial\">Testo suggerito: <\/strong>Se hai un account su questo sito, o hai lasciato commenti, puoi richiedere di ricevere un file esportato dal sito con i dati personali che abbiamo su di te, compresi i dati che ci hai fornito. Puoi anche richiedere che cancelliamo tutti i dati personali che ti riguardano. Questo non include i dati che siamo obbligati a conservare per scopi amministrativi, legali o di sicurezza.<\/p>\n<p>Dove i tuoi dati sono inviati<\/p>\n<p><strong class=\"privacy-policy-tutorial\">Testo suggerito: <\/strong>I commenti dei visitatori possono essere controllati attraverso un servizio di rilevamento automatico dello spam.<\/p>\n<\/div><\/section>\n","protected":false},"excerpt":{"rendered":"","protected":false},"author":1,"featured_media":0,"parent":0,"menu_order":0,"comment_status":"closed","ping_status":"open","template":"","meta":{"inline_featured_image":false,"footnotes":""},"class_list":["post-3","page","type-page","status-publish","hentry"],"_links":{"self":[{"href":"https:\/\/cosmos.cittametropolitana.rc.it\/index.php?rest_route=\/wp\/v2\/pages\/3","targetHints":{"allow":["GET"]}}],"collection":[{"href":"https:\/\/cosmos.cittametropolitana.rc.it\/index.php?rest_route=\/wp\/v2\/pages"}],"about":[{"href":"https:\/\/cosmos.cittametropolitana.rc.it\/index.php?rest_route=\/wp\/v2\/types\/page"}],"author":[{"embeddable":true,"href":"https:\/\/cosmos.cittametropolitana.rc.it\/index.php?rest_route=\/wp\/v2\/users\/1"}],"replies":[{"embeddable":true,"href":"https:\/\/cosmos.cittametropolitana.rc.it\/index.php?rest_route=%2Fwp%2Fv2%2Fcomments&post=3"}],"version-history":[{"count":4,"href":"https:\/\/cosmos.cittametropolitana.rc.it\/index.php?rest_route=\/wp\/v2\/pages\/3\/revisions"}],"predecessor-version":[{"id":939,"href":"https:\/\/cosmos.cittametropolitana.rc.it\/index.php?rest_route=\/wp\/v2\/pages\/3\/revisions\/939"}],"wp:attachment":[{"href":"https:\/\/cosmos.cittametropolitana.rc.it\/index.php?rest_route=%2Fwp%2Fv2%2Fmedia&parent=3"}],"curies":[{"name":"wp","href":"https:\/\/api.w.org\/{rel}","templated":true}]}}