{"id":1146,"date":"2024-09-23T18:35:18","date_gmt":"2024-09-23T16:35:18","guid":{"rendered":"https:\/\/cosmos.cittametropolitana.rc.it\/?page_id=1146"},"modified":"2024-09-23T19:22:52","modified_gmt":"2024-09-23T17:22:52","slug":"premio-cosmos-per-gli-studenti-2024","status":"publish","type":"page","link":"https:\/\/cosmos.cittametropolitana.rc.it\/?page_id=1146","title":{"rendered":"Premio Cosmos per gli studenti 2024"},"content":{"rendered":"<div  class='flex_column av-lfy0p6-4c2abee5b375b83151065f9a6240ae67 av_one_fifth  avia-builder-el-0  el_before_av_three_fifth  avia-builder-el-first  first flex_column_div  '     ><\/div>\n<div  class='flex_column av-ip2k9m-a4cb0fcb4da8d2cba34407341cad9717 av_three_fifth  avia-builder-el-1  el_after_av_one_fifth  el_before_av_one_fifth  flex_column_div  '     ><p>\n<style type=\"text\/css\" data-created_by=\"avia_inline_auto\" id=\"style-css-av-hpa73e-7d40373855992d34899defeeede65c92\">\n#top .av-special-heading.av-hpa73e-7d40373855992d34899defeeede65c92{\npadding-bottom:10px;\n}\nbody .av-special-heading.av-hpa73e-7d40373855992d34899defeeede65c92 .av-special-heading-tag .heading-char{\nfont-size:25px;\n}\n.av-special-heading.av-hpa73e-7d40373855992d34899defeeede65c92 .av-subheading{\nfont-size:15px;\n}\n<\/style>\n<div  class='av-special-heading av-hpa73e-7d40373855992d34899defeeede65c92 av-special-heading-h3  avia-builder-el-2  el_before_av_textblock  avia-builder-el-first '><h3 class='av-special-heading-tag'  itemprop=\"headline\"  >PREMIO COSMOS PER GLI STUDENTI 2024<\/h3><div class=\"special-heading-border\"><div class=\"special-heading-inner-border\"><\/div><\/div><\/div><br \/>\n<section  class='av_textblock_section av-f1shdm-cb62e00d813f73a1c81652bcd9e22324 '   itemscope=\"itemscope\" itemtype=\"https:\/\/schema.org\/CreativeWork\" ><div class='av-small-hide av-mini-hide avia_textblock'  itemprop=\"text\" ><h2 style=\"font-size: 3rem;\">Il libro vincitore \u00e8<\/h2>\n<h2 style=\"font-size: 5rem;\">&#8220;Viaggio al centro del cervello&#8221;<\/h2>\n<\/div><\/section><br \/>\n<section  class='av_textblock_section av-e9bynu-18f5596a35d3aff041392444219187f2 '   itemscope=\"itemscope\" itemtype=\"https:\/\/schema.org\/CreativeWork\" ><div class='av-desktop-hide av-medium-hide avia_textblock'  itemprop=\"text\" ><h2 style=\"font-size: 2rem;\">Ecco il libro vincitore<\/h2>\n<\/div><\/section><\/p><\/div><div  class='flex_column av-av_one_fifth-142d03dc1996436b0929e325da2ae973 av_one_fifth  avia-builder-el-5  el_after_av_three_fifth  el_before_av_one_third  flex_column_div  '     ><\/div><\/p>\n<div  class='flex_column av-atwl8q-93df4518a2f0373a1b70232d0950dcfe av_one_third  avia-builder-el-6  el_after_av_one_fifth  el_before_av_two_third  first flex_column_div  column-top-margin'     ><style type=\"text\/css\" data-created_by=\"avia_inline_auto\" id=\"style-css-av-9f98t6-293e62dd1798fcb18eb698b566d5328a\">\n@keyframes av_boxShadowEffect_av-9f98t6-293e62dd1798fcb18eb698b566d5328a {\n0%   { box-shadow:  0 0 0 0 ; opacity: 1; }\n100% { box-shadow:  0 0 10px 0 ; opacity: 1; }\n}\n.avia-image-container.av-9f98t6-293e62dd1798fcb18eb698b566d5328a img.avia_image{\nbox-shadow: 0 0 10px 0 ;\n}\n.avia-image-container.av-9f98t6-293e62dd1798fcb18eb698b566d5328a .av-image-caption-overlay-center{\ncolor:#ffffff;\n}\n<\/style>\n<div  class='avia-image-container av-9f98t6-293e62dd1798fcb18eb698b566d5328a av-styling- avia-align-center  avia-builder-el-7  avia-builder-el-no-sibling  av-img-box-shadow av-box-shadow-not-animated'   itemprop=\"image\" itemscope=\"itemscope\" itemtype=\"https:\/\/schema.org\/ImageObject\" ><div class=\"avia-image-container-inner\"><div class=\"avia-image-overlay-wrap\"><img decoding=\"async\" class='wp-image-1121 avia-img-lazy-loading-not-1121 avia_image shadow-not-animated' src=\"https:\/\/cosmos.cittametropolitana.rc.it\/wp-content\/uploads\/2024\/06\/Benedetti-Morici_Voaggio-al-centro-del-cervello-212x300.jpg\" alt='' title='Benedetti Morici_Voaggio al centro del cervello'  height=\"300\" width=\"212\"  itemprop=\"thumbnailUrl\" srcset=\"https:\/\/cosmos.cittametropolitana.rc.it\/wp-content\/uploads\/2024\/06\/Benedetti-Morici_Voaggio-al-centro-del-cervello-212x300.jpg 212w, https:\/\/cosmos.cittametropolitana.rc.it\/wp-content\/uploads\/2024\/06\/Benedetti-Morici_Voaggio-al-centro-del-cervello-499x705.jpg 499w, https:\/\/cosmos.cittametropolitana.rc.it\/wp-content\/uploads\/2024\/06\/Benedetti-Morici_Voaggio-al-centro-del-cervello.jpg 536w\" sizes=\"(max-width: 212px) 100vw, 212px\" \/><\/div><\/div><\/div><\/div>\n<div  class='flex_column av-876ybu-3f60a01f8d249ca0dfa58019dbc245eb av_two_third  avia-builder-el-8  el_after_av_one_third  el_before_av_section  avia-builder-el-last  flex_column_div  column-top-margin'     ><section  class='av_textblock_section av-5mtrje-59b8e835b17276ff589ddf518f99c7c8 '   itemscope=\"itemscope\" itemtype=\"https:\/\/schema.org\/CreativeWork\" ><div class='av-desktop-hide av-medium-hide av-small-hide av-mini-hide avia_textblock'  itemprop=\"text\" ><h2 style=\"font-size: 3rem;\">Viaggio al centro del cervello<\/h2>\n<\/div><\/section><br \/>\n<section  class='av_textblock_section av-m1f9pda9-e42a0bed7511ba69ac4fd482b3890527 '   itemscope=\"itemscope\" itemtype=\"https:\/\/schema.org\/CreativeWork\" ><div class='av-desktop-hide av-medium-hide avia_textblock'  itemprop=\"text\" ><h2 style=\"font-size: 3rem;\">Viaggio al centro del cervello<\/h2>\n<\/div><\/section><br \/>\n<section  class='av_textblock_section av-4fjc56-7891b15f40b52765003152ae2159df94 '   itemscope=\"itemscope\" itemtype=\"https:\/\/schema.org\/CreativeWork\" ><div class='avia_textblock'  itemprop=\"text\" ><div dir=\"ltr\">\n<div dir=\"ltr\">\n<div class=\"gmail_signature\" dir=\"ltr\" data-smartmail=\"gmail_signature\">\n<div dir=\"ltr\">\n<div>Fabrizio Benedetti e Luca Morici (Ed. Carocci)<\/div>\n<\/div>\n<\/div>\n<\/div>\n<\/div>\n<\/div><\/section><br \/>\n<section  class='av_textblock_section av-2608ka-193dc463e6ff0b71a9f55fcb11ca878d '   itemscope=\"itemscope\" itemtype=\"https:\/\/schema.org\/CreativeWork\" ><div class='avia_textblock'  itemprop=\"text\" ><p class=\"p1\"><em>\u00abIl nostro cervello a volte funziona in un modo che non ci si aspetterebbe. Sono alcuni pazienti particolari con le loro storie curiose che ci fanno comprendere meccanismi complessi e a volte persino bizzarri. Sono cose spesso difficili da descrivere. Perci\u00f2 questo libro usa la narrazione, le immagini e i fumetti per descrivere con semplicit\u00e0 ci\u00f2 che in realt\u00e0 \u00e8 molto complicato. Sono storie curiose ma vere, descritte da un neurologo, il dottor Ben, in realt\u00e0 uno degli autori\u00bb.<\/em><\/p>\n<p class=\"p1\"><strong>Fabrizio Benedetti<\/strong> \u00e8 professore di neurofisiologia all\u2019Universit\u00e0 di Torino<br \/>\n<strong>Luca Morici<\/strong> \u00e8 illustratore, fumettista e pittore a Castel D\u2019Emilio in provincia di Ancona<\/p>\n<\/div><\/section><\/p><\/div><\/div><\/div><\/div><!-- close content main div --><\/div><\/div>\n<style type=\"text\/css\" data-created_by=\"avia_inline_auto\" id=\"style-css-av-av_section-2a3fcfad334e663d096a9f7030ea4b75\">\n.avia-section.av-av_section-2a3fcfad334e663d096a9f7030ea4b75{\nbackground-color:#ffffff;\nbackground-image:unset;\n}\n<\/style>\n<div id='av_section_1'  class='avia-section av-av_section-2a3fcfad334e663d096a9f7030ea4b75 main_color avia-section-default avia-no-border-styling  avia-builder-el-13  el_after_av_two_third  el_before_av_one_half  avia-bg-style-scroll container_wrap fullsize'  ><div class='container av-section-cont-open' ><div class='template-page content  av-content-full alpha units'><div class='post-entry post-entry-type-page post-entry-1146'><div class='entry-content-wrapper clearfix'>\n\n<style type=\"text\/css\" data-created_by=\"avia_inline_auto\" id=\"style-css-av-av_one_full-6debe391d51f1d300fdc6aadeccc05bc\">\n#top .flex_column.av-av_one_full-6debe391d51f1d300fdc6aadeccc05bc{\nmargin-top:0px;\nmargin-bottom:0px;\n}\n.responsive #top #wrap_all .flex_column.av-av_one_full-6debe391d51f1d300fdc6aadeccc05bc{\nmargin-top:0px;\nmargin-bottom:0px;\n}\n<\/style>\n<div  id=\"scaricapdf\"  class='flex_column av-av_one_full-6debe391d51f1d300fdc6aadeccc05bc av_one_full  avia-builder-el-14  el_before_av_one_fifth  avia-builder-el-first  first flex_column_div  '     ><style type=\"text\/css\" data-created_by=\"avia_inline_auto\" id=\"style-css-av-m1f8oti9-09f99ffa422fba26c4755fd004339dab\">\n#top .av-special-heading.av-m1f8oti9-09f99ffa422fba26c4755fd004339dab{\npadding-bottom:10px;\ncolor:#123c64;\n}\nbody .av-special-heading.av-m1f8oti9-09f99ffa422fba26c4755fd004339dab .av-special-heading-tag .heading-char{\nfont-size:25px;\n}\n.av-special-heading.av-m1f8oti9-09f99ffa422fba26c4755fd004339dab .special-heading-inner-border{\nborder-color:#123c64;\n}\n.av-special-heading.av-m1f8oti9-09f99ffa422fba26c4755fd004339dab .av-subheading{\nfont-size:15px;\n}\n<\/style>\n<div  class='av-special-heading av-m1f8oti9-09f99ffa422fba26c4755fd004339dab av-special-heading-h2 custom-color-heading blockquote modern-quote modern-centered  avia-builder-el-15  avia-builder-el-no-sibling '><h2 class='av-special-heading-tag'  itemprop=\"headline\"  >Guarda il video della proclamazione del vincitore <br \/> Premio Cosmos per gli studenti 2024<\/h2><div class=\"special-heading-border\"><div class=\"special-heading-inner-border\"><\/div><\/div><\/div><\/div><div  class='flex_column av-av_one_fifth-753d03be8845da87da60299c8f023eed av_one_fifth  avia-builder-el-16  el_after_av_one_full  el_before_av_three_fifth  first flex_column_div  column-top-margin'     ><\/div>\n<style type=\"text\/css\" data-created_by=\"avia_inline_auto\" id=\"style-css-av-av_three_fifth-9a36d6140739ab54f31f362b46d43ba9\">\n.flex_column.av-av_three_fifth-9a36d6140739ab54f31f362b46d43ba9{\nbackground-color:#ffffff;\n}\n<\/style>\n<div  class='flex_column av-av_three_fifth-9a36d6140739ab54f31f362b46d43ba9 av_three_fifth  avia-builder-el-17  el_after_av_one_fifth  el_before_av_one_fifth  flex_column_div  column-top-margin'     ><style type=\"text\/css\" data-created_by=\"avia_inline_auto\" id=\"style-css-av-m1f8m7l8-4800fc1e6eaadfa9b1b26161416b5707\">\n.avia-video.av-m1f8m7l8-4800fc1e6eaadfa9b1b26161416b5707{\nbackground-image:url(https:\/\/cosmos.cittametropolitana.rc.it\/wp-content\/uploads\/2024\/09\/cosmos-proclamazione.jpg);\n}\n<\/style>\n<div  class='avia-video av-m1f8m7l8-4800fc1e6eaadfa9b1b26161416b5707 avia-video-16-9 av-html5-fullscreen-btn av-preview-image avia-video-lightbox av-lazyload-video-embed avia-video-external-service'  itemprop=\"video\" itemtype=\"https:\/\/schema.org\/VideoObject\"  data-original_url='https:\/\/www.youtube.com\/watch?v=kRhhPtvICBw&autoplay=1'><script type='text\/html' class='av-video-tmpl'><a href='https:\/\/www.youtube.com\/watch?v=kRhhPtvICBw&autoplay=1' class='mfp-iframe lightbox-link'><\/a><\/script><div class=\"av-click-to-play-overlay play-lightbox\"><div class=\"avia_playpause_icon\"><\/div><\/div><\/div><\/div><div  class='flex_column av-av_one_fifth-142d03dc1996436b0929e325da2ae973 av_one_fifth  avia-builder-el-19  el_after_av_three_fifth  avia-builder-el-last  flex_column_div  column-top-margin'     ><\/div><\/div><\/div><\/div><!-- close content main div --><\/div><\/div><div id='after_section_1'  class='main_color av_default_container_wrap container_wrap fullsize'  ><div class='container av-section-cont-open' ><div class='template-page content  av-content-full alpha units'><div class='post-entry post-entry-type-page post-entry-1146'><div class='entry-content-wrapper clearfix'>\n<style type=\"text\/css\" data-created_by=\"avia_inline_auto\" id=\"style-css-av-av_one_half-85d83fc38a14a18197ddd9f9de97aedb\">\n.flex_column.av-av_one_half-85d83fc38a14a18197ddd9f9de97aedb{\npadding:20px 0 0 0;\n}\n<\/style>\n<div  class='flex_column av-av_one_half-85d83fc38a14a18197ddd9f9de97aedb av_one_half  avia-builder-el-20  el_after_av_section  el_before_av_one_fourth  avia-builder-el-first  first flex_column_div  '     ><style type=\"text\/css\" data-created_by=\"avia_inline_auto\" id=\"style-css-av-av_heading-5a90b6f1939d08e70558c8230ea9e2b5\">\n#top .av-special-heading.av-av_heading-5a90b6f1939d08e70558c8230ea9e2b5{\npadding-bottom:10px;\n}\nbody .av-special-heading.av-av_heading-5a90b6f1939d08e70558c8230ea9e2b5 .av-special-heading-tag .heading-char{\nfont-size:25px;\n}\n.av-special-heading.av-av_heading-5a90b6f1939d08e70558c8230ea9e2b5 .av-subheading{\nfont-size:15px;\n}\n<\/style>\n<div  class='av-special-heading av-av_heading-5a90b6f1939d08e70558c8230ea9e2b5 av-special-heading-h3  avia-builder-el-21  avia-builder-el-no-sibling '><h3 class='av-special-heading-tag'  itemprop=\"headline\"  >GLI ALTRI FINALISTI<\/h3><div class=\"special-heading-border\"><div class=\"special-heading-inner-border\"><\/div><\/div><\/div><\/div><\/p>\n<div  class='flex_column av-av_one_fourth-142d03dc1996436b0929e325da2ae973 av_one_fourth  avia-builder-el-22  el_after_av_one_half  el_before_av_one_fourth  flex_column_div  '     ><p>\n<style type=\"text\/css\" data-created_by=\"avia_inline_auto\" id=\"style-css-av-av_image-01c0032b1187dc89ec66f45cd19a7af2\">\n.avia-image-container.av-av_image-01c0032b1187dc89ec66f45cd19a7af2 img.avia_image{\nbox-shadow:none;\n}\n.avia-image-container.av-av_image-01c0032b1187dc89ec66f45cd19a7af2 .av-image-caption-overlay-center{\ncolor:#ffffff;\n}\n<\/style>\n<div  class='avia-image-container av-av_image-01c0032b1187dc89ec66f45cd19a7af2 av-styling- avia-align-center  avia-builder-el-23  el_before_av_heading  avia-builder-el-first '   itemprop=\"image\" itemscope=\"itemscope\" itemtype=\"https:\/\/schema.org\/ImageObject\" ><div class=\"avia-image-container-inner\"><div class=\"avia-image-overlay-wrap\"><img decoding=\"async\" class='wp-image-1125 avia-img-lazy-loading-not-1125 avia_image ' src=\"https:\/\/cosmos.cittametropolitana.rc.it\/wp-content\/uploads\/2024\/06\/Silvia-Bencivelli_erioca-folle-e-visonaria-191x300.jpg\" alt='' title='Silvia Bencivelli_erioca folle e visonaria'  height=\"300\" width=\"191\"  itemprop=\"thumbnailUrl\" srcset=\"https:\/\/cosmos.cittametropolitana.rc.it\/wp-content\/uploads\/2024\/06\/Silvia-Bencivelli_erioca-folle-e-visonaria-191x300.jpg 191w, https:\/\/cosmos.cittametropolitana.rc.it\/wp-content\/uploads\/2024\/06\/Silvia-Bencivelli_erioca-folle-e-visonaria-448x705.jpg 448w, https:\/\/cosmos.cittametropolitana.rc.it\/wp-content\/uploads\/2024\/06\/Silvia-Bencivelli_erioca-folle-e-visonaria.jpg 635w\" sizes=\"(max-width: 191px) 100vw, 191px\" \/><\/div><\/div><\/div><br \/>\n\n<style type=\"text\/css\" data-created_by=\"avia_inline_auto\" id=\"style-css-av-av_heading-3b7e0bdc10d095dc379f756542212799\">\n#top .av-special-heading.av-av_heading-3b7e0bdc10d095dc379f756542212799{\npadding-bottom:10px;\n}\nbody .av-special-heading.av-av_heading-3b7e0bdc10d095dc379f756542212799 .av-special-heading-tag .heading-char{\nfont-size:25px;\n}\n.av-special-heading.av-av_heading-3b7e0bdc10d095dc379f756542212799 .av-subheading{\nfont-size:15px;\n}\n<\/style>\n<div  class='av-special-heading av-av_heading-3b7e0bdc10d095dc379f756542212799 av-special-heading-h3  avia-builder-el-24  el_after_av_image  el_before_av_textblock '><h3 class='av-special-heading-tag'  itemprop=\"headline\"  >Eroica, folle e visionaria<\/h3><div class=\"special-heading-border\"><div class=\"special-heading-inner-border\"><\/div><\/div><\/div><br \/>\n<section  class='av_textblock_section av-av_textblock-dcb83a6857fc49453ed31f97f542e332 '   itemscope=\"itemscope\" itemtype=\"https:\/\/schema.org\/CreativeWork\" ><div class='avia_textblock'  itemprop=\"text\" ><p class=\"p1\"><b>Silvia Bencivelli<\/b><\/p>\n<p class=\"p1\">Bollati Boringhieri<\/p>\n<\/div><\/section><\/p><\/div>\n<div  class='flex_column av-av_one_fourth-142d03dc1996436b0929e325da2ae973 av_one_fourth  avia-builder-el-26  el_after_av_one_fourth  el_before_av_one_half  flex_column_div  '     ><p>\n<style type=\"text\/css\" data-created_by=\"avia_inline_auto\" id=\"style-css-av-m1f9d238-dc793bc1003dd4370c730948452eeb08\">\n.avia-image-container.av-m1f9d238-dc793bc1003dd4370c730948452eeb08 img.avia_image{\nbox-shadow:none;\n}\n.avia-image-container.av-m1f9d238-dc793bc1003dd4370c730948452eeb08 .av-image-caption-overlay-center{\ncolor:#ffffff;\n}\n<\/style>\n<div  class='avia-image-container av-m1f9d238-dc793bc1003dd4370c730948452eeb08 av-styling- avia-align-center  avia-builder-el-27  el_before_av_heading  avia-builder-el-first '   itemprop=\"image\" itemscope=\"itemscope\" itemtype=\"https:\/\/schema.org\/ImageObject\" ><div class=\"avia-image-container-inner\"><div class=\"avia-image-overlay-wrap\"><img decoding=\"async\" class='wp-image-1124 avia-img-lazy-loading-not-1124 avia_image ' src=\"https:\/\/cosmos.cittametropolitana.rc.it\/wp-content\/uploads\/2024\/06\/Paolo-Ferri-Le-sfide-di-Marte-186x300.png\" alt='' title='Paolo Ferri Le sfide di Marte'  height=\"300\" width=\"186\"  itemprop=\"thumbnailUrl\" srcset=\"https:\/\/cosmos.cittametropolitana.rc.it\/wp-content\/uploads\/2024\/06\/Paolo-Ferri-Le-sfide-di-Marte-186x300.png 186w, https:\/\/cosmos.cittametropolitana.rc.it\/wp-content\/uploads\/2024\/06\/Paolo-Ferri-Le-sfide-di-Marte-438x705.png 438w, https:\/\/cosmos.cittametropolitana.rc.it\/wp-content\/uploads\/2024\/06\/Paolo-Ferri-Le-sfide-di-Marte.png 497w\" sizes=\"(max-width: 186px) 100vw, 186px\" \/><\/div><\/div><\/div><br \/>\n\n<style type=\"text\/css\" data-created_by=\"avia_inline_auto\" id=\"style-css-av-m1f9ccck-db457462e5f0366bcfd0246e40a118e9\">\n#top .av-special-heading.av-m1f9ccck-db457462e5f0366bcfd0246e40a118e9{\npadding-bottom:10px;\n}\nbody .av-special-heading.av-m1f9ccck-db457462e5f0366bcfd0246e40a118e9 .av-special-heading-tag .heading-char{\nfont-size:25px;\n}\n.av-special-heading.av-m1f9ccck-db457462e5f0366bcfd0246e40a118e9 .av-subheading{\nfont-size:15px;\n}\n<\/style>\n<div  class='av-special-heading av-m1f9ccck-db457462e5f0366bcfd0246e40a118e9 av-special-heading-h3  avia-builder-el-28  el_after_av_image  el_before_av_textblock '><h3 class='av-special-heading-tag'  itemprop=\"headline\"  >Le sfide di Marte<\/h3><div class=\"special-heading-border\"><div class=\"special-heading-inner-border\"><\/div><\/div><\/div><br \/>\n<section  class='av_textblock_section av-m1f9dvat-adaf4f68561de89d8d61ba9cccc9e6ba '   itemscope=\"itemscope\" itemtype=\"https:\/\/schema.org\/CreativeWork\" ><div class='avia_textblock'  itemprop=\"text\" ><p class=\"p1\"><b>Paolo Ferri<\/b><\/p>\n<p class=\"p1\">Raffaello Cortina Editore<\/p>\n<\/div><\/section><\/p><\/div><div  class='flex_column av-av_one_half-753d03be8845da87da60299c8f023eed av_one_half  avia-builder-el-30  el_after_av_one_fourth  el_before_av_one_fourth  first flex_column_div  column-top-margin'     ><\/div><\/p>\n<div  class='flex_column av-av_one_fourth-142d03dc1996436b0929e325da2ae973 av_one_fourth  avia-builder-el-31  el_after_av_one_half  el_before_av_one_fourth  flex_column_div  column-top-margin'     ><p>\n<style type=\"text\/css\" data-created_by=\"avia_inline_auto\" id=\"style-css-av-m1f9f1b1-cfe95a81e20c58d333bf541c3695997f\">\n.avia-image-container.av-m1f9f1b1-cfe95a81e20c58d333bf541c3695997f img.avia_image{\nbox-shadow:none;\n}\n.avia-image-container.av-m1f9f1b1-cfe95a81e20c58d333bf541c3695997f .av-image-caption-overlay-center{\ncolor:#ffffff;\n}\n<\/style>\n<div  class='avia-image-container av-m1f9f1b1-cfe95a81e20c58d333bf541c3695997f av-styling- avia-align-center  avia-builder-el-32  el_before_av_heading  avia-builder-el-first '   itemprop=\"image\" itemscope=\"itemscope\" itemtype=\"https:\/\/schema.org\/ImageObject\" ><div class=\"avia-image-container-inner\"><div class=\"avia-image-overlay-wrap\"><img decoding=\"async\" class='wp-image-1123 avia-img-lazy-loading-not-1123 avia_image ' src=\"https:\/\/cosmos.cittametropolitana.rc.it\/wp-content\/uploads\/2024\/06\/Giudice_Prima-del-Big-bang-186x300.jpg\" alt='' title='Giudice_Prima del Big bang'  height=\"300\" width=\"186\"  itemprop=\"thumbnailUrl\" srcset=\"https:\/\/cosmos.cittametropolitana.rc.it\/wp-content\/uploads\/2024\/06\/Giudice_Prima-del-Big-bang-186x300.jpg 186w, https:\/\/cosmos.cittametropolitana.rc.it\/wp-content\/uploads\/2024\/06\/Giudice_Prima-del-Big-bang-436x705.jpg 436w, https:\/\/cosmos.cittametropolitana.rc.it\/wp-content\/uploads\/2024\/06\/Giudice_Prima-del-Big-bang.jpg 536w\" sizes=\"(max-width: 186px) 100vw, 186px\" \/><\/div><\/div><\/div><br \/>\n\n<style type=\"text\/css\" data-created_by=\"avia_inline_auto\" id=\"style-css-av-m1f9f84x-59aee4320aef701bd4d6358203c6f7e3\">\n#top .av-special-heading.av-m1f9f84x-59aee4320aef701bd4d6358203c6f7e3{\npadding-bottom:10px;\n}\nbody .av-special-heading.av-m1f9f84x-59aee4320aef701bd4d6358203c6f7e3 .av-special-heading-tag .heading-char{\nfont-size:25px;\n}\n.av-special-heading.av-m1f9f84x-59aee4320aef701bd4d6358203c6f7e3 .av-subheading{\nfont-size:15px;\n}\n<\/style>\n<div  class='av-special-heading av-m1f9f84x-59aee4320aef701bd4d6358203c6f7e3 av-special-heading-h3  avia-builder-el-33  el_after_av_image  el_before_av_textblock '><h3 class='av-special-heading-tag'  itemprop=\"headline\"  >Prima del Big Bang<\/h3><div class=\"special-heading-border\"><div class=\"special-heading-inner-border\"><\/div><\/div><\/div><br \/>\n<section  class='av_textblock_section av-m1f9fqvy-9a829c297661785547c581eb93d3979d '   itemscope=\"itemscope\" itemtype=\"https:\/\/schema.org\/CreativeWork\" ><div class='avia_textblock'  itemprop=\"text\" ><p class=\"p1\"><b>Gian Francesco Giudice<\/b><\/p>\n<p class=\"p1\">Rizzoli<\/p>\n<\/div><\/section><\/p><\/div><div  class='flex_column av-av_one_fourth-142d03dc1996436b0929e325da2ae973 av_one_fourth  avia-builder-el-35  el_after_av_one_fourth  avia-builder-el-last  flex_column_div  column-top-margin'     ><p>\n<style type=\"text\/css\" data-created_by=\"avia_inline_auto\" id=\"style-css-av-m1f9g589-1a1b80d0168310a098ed1be619e5c667\">\n.avia-image-container.av-m1f9g589-1a1b80d0168310a098ed1be619e5c667 img.avia_image{\nbox-shadow:none;\n}\n.avia-image-container.av-m1f9g589-1a1b80d0168310a098ed1be619e5c667 .av-image-caption-overlay-center{\ncolor:#ffffff;\n}\n<\/style>\n<div  class='avia-image-container av-m1f9g589-1a1b80d0168310a098ed1be619e5c667 av-styling- avia-align-center  avia-builder-el-36  el_before_av_heading  avia-builder-el-first '   itemprop=\"image\" itemscope=\"itemscope\" itemtype=\"https:\/\/schema.org\/ImageObject\" ><div class=\"avia-image-container-inner\"><div class=\"avia-image-overlay-wrap\"><img decoding=\"async\" class='wp-image-1131 avia-img-lazy-loading-not-1131 avia_image ' src=\"https:\/\/cosmos.cittametropolitana.rc.it\/wp-content\/uploads\/2024\/06\/Giovanni-Covone_Altre-terreOK-200x300.jpg\" alt='' title='Giovanni Covone_Altre terreOK'  height=\"300\" width=\"200\"  itemprop=\"thumbnailUrl\" srcset=\"https:\/\/cosmos.cittametropolitana.rc.it\/wp-content\/uploads\/2024\/06\/Giovanni-Covone_Altre-terreOK-200x300.jpg 200w, https:\/\/cosmos.cittametropolitana.rc.it\/wp-content\/uploads\/2024\/06\/Giovanni-Covone_Altre-terreOK.jpg 399w\" sizes=\"(max-width: 200px) 100vw, 200px\" \/><\/div><\/div><\/div><br \/>\n\n<style type=\"text\/css\" data-created_by=\"avia_inline_auto\" id=\"style-css-av-m1f9gfa5-1845b192fc0418d9602f1bf0158c6f80\">\n#top .av-special-heading.av-m1f9gfa5-1845b192fc0418d9602f1bf0158c6f80{\npadding-bottom:10px;\n}\nbody .av-special-heading.av-m1f9gfa5-1845b192fc0418d9602f1bf0158c6f80 .av-special-heading-tag .heading-char{\nfont-size:25px;\n}\n.av-special-heading.av-m1f9gfa5-1845b192fc0418d9602f1bf0158c6f80 .av-subheading{\nfont-size:15px;\n}\n<\/style>\n<div  class='av-special-heading av-m1f9gfa5-1845b192fc0418d9602f1bf0158c6f80 av-special-heading-h3  avia-builder-el-37  el_after_av_image  el_before_av_textblock '><h3 class='av-special-heading-tag'  itemprop=\"headline\"  >Altre terre<\/h3><div class=\"special-heading-border\"><div class=\"special-heading-inner-border\"><\/div><\/div><\/div><br \/>\n<section  class='av_textblock_section av-m1f9gw81-3195ba3aae8a9452d385145ff041b97d '   itemscope=\"itemscope\" itemtype=\"https:\/\/schema.org\/CreativeWork\" ><div class='avia_textblock'  itemprop=\"text\" ><p class=\"p1\"><b>Giovanni Covone<\/b><\/p>\n<p class=\"p1\">HarperCollins<\/p>\n<\/div><\/section><\/p><\/div><\/p>\n","protected":false},"excerpt":{"rendered":"","protected":false},"author":2,"featured_media":0,"parent":0,"menu_order":0,"comment_status":"closed","ping_status":"closed","template":"","meta":{"inline_featured_image":false,"footnotes":""},"class_list":["post-1146","page","type-page","status-publish","hentry"],"_links":{"self":[{"href":"https:\/\/cosmos.cittametropolitana.rc.it\/index.php?rest_route=\/wp\/v2\/pages\/1146","targetHints":{"allow":["GET"]}}],"collection":[{"href":"https:\/\/cosmos.cittametropolitana.rc.it\/index.php?rest_route=\/wp\/v2\/pages"}],"about":[{"href":"https:\/\/cosmos.cittametropolitana.rc.it\/index.php?rest_route=\/wp\/v2\/types\/page"}],"author":[{"embeddable":true,"href":"https:\/\/cosmos.cittametropolitana.rc.it\/index.php?rest_route=\/wp\/v2\/users\/2"}],"replies":[{"embeddable":true,"href":"https:\/\/cosmos.cittametropolitana.rc.it\/index.php?rest_route=%2Fwp%2Fv2%2Fcomments&post=1146"}],"version-history":[{"count":14,"href":"https:\/\/cosmos.cittametropolitana.rc.it\/index.php?rest_route=\/wp\/v2\/pages\/1146\/revisions"}],"predecessor-version":[{"id":1169,"href":"https:\/\/cosmos.cittametropolitana.rc.it\/index.php?rest_route=\/wp\/v2\/pages\/1146\/revisions\/1169"}],"wp:attachment":[{"href":"https:\/\/cosmos.cittametropolitana.rc.it\/index.php?rest_route=%2Fwp%2Fv2%2Fmedia&parent=1146"}],"curies":[{"name":"wp","href":"https:\/\/api.w.org\/{rel}","templated":true}]}}